{"id":12,"date":"2020-06-18T05:46:36","date_gmt":"2020-06-18T05:46:36","guid":{"rendered":"https:\/\/www.ledforled.dk\/?page_id=12"},"modified":"2025-05-02T11:32:26","modified_gmt":"2025-05-02T10:32:26","slug":"det-nye-umoma-aabner-doerene-2","status":"publish","type":"page","link":"https:\/\/www.ledforled.dk\/","title":{"rendered":"Din professionelle Kiropraktor der tager H\u00e5nd om dig"},"content":{"rendered":"\n<p><\/p>\n\n\n\n<h2 class=\"wp-block-heading\">Nyt i klinikken!<\/h2>\n\n\n\n<p>Vi tilbyder nu ogs\u00e5 <a href=\"https:\/\/www.ledforled.dk\/index.php\/hydrogenterapi\/\" data-type=\"page\" data-id=\"326\">Hydrogenterapi<\/a> og som \u00e9n af de f\u00e5 i S\u00f8nderjylland forhandler vi udstyr til Hydrogenterapi: <a href=\"https:\/\/www.iwater.dk?ref=4023\">https:\/\/www.iwater.dk?ref=4023<\/a><br>og Ultralydsscanning<\/p>\n\n\n<div class=\"wp-block-image is-style-default\">\n<figure class=\"aligncenter size-full is-resized\"><img loading=\"lazy\" decoding=\"async\" width=\"480\" height=\"640\" src=\"https:\/\/www.ledforled.dk\/wp-content\/uploads\/2025\/03\/IMG_5209-1-rotated.jpg\" alt=\"\" class=\"wp-image-310\" style=\"width:335px;height:auto\" srcset=\"https:\/\/www.ledforled.dk\/wp-content\/uploads\/2025\/03\/IMG_5209-1-rotated.jpg 480w, https:\/\/www.ledforled.dk\/wp-content\/uploads\/2025\/03\/IMG_5209-1-225x300.jpg 225w\" sizes=\"auto, (max-width: 480px) 100vw, 480px\" \/><figcaption class=\"wp-element-caption\">Malene P. Hansen Kiropraktor<\/figcaption><\/figure>\n<\/div>\n\n\n<p class=\"has-large-font-size\"><\/p>\n\n\n\n<p><\/p>\n","protected":false},"excerpt":{"rendered":"<p>Nyt i klinikken! Vi tilbyder nu ogs\u00e5 Hydrogenterapi og som \u00e9n af de f\u00e5 i S\u00f8nderjylland forhandler vi udstyr til Hydrogenterapi: https:\/\/www.iwater.dk?ref=4023og Ultralydsscanning<\/p>\n","protected":false},"author":1,"featured_media":0,"parent":0,"menu_order":0,"comment_status":"closed","ping_status":"closed","template":"","meta":{"footnotes":""},"class_list":["post-12","page","type-page","status-publish","hentry"],"_links":{"self":[{"href":"https:\/\/www.ledforled.dk\/index.php\/wp-json\/wp\/v2\/pages\/12","targetHints":{"allow":["GET"]}}],"collection":[{"href":"https:\/\/www.ledforled.dk\/index.php\/wp-json\/wp\/v2\/pages"}],"about":[{"href":"https:\/\/www.ledforled.dk\/index.php\/wp-json\/wp\/v2\/types\/page"}],"author":[{"embeddable":true,"href":"https:\/\/www.ledforled.dk\/index.php\/wp-json\/wp\/v2\/users\/1"}],"replies":[{"embeddable":true,"href":"https:\/\/www.ledforled.dk\/index.php\/wp-json\/wp\/v2\/comments?post=12"}],"version-history":[{"count":30,"href":"https:\/\/www.ledforled.dk\/index.php\/wp-json\/wp\/v2\/pages\/12\/revisions"}],"predecessor-version":[{"id":361,"href":"https:\/\/www.ledforled.dk\/index.php\/wp-json\/wp\/v2\/pages\/12\/revisions\/361"}],"wp:attachment":[{"href":"https:\/\/www.ledforled.dk\/index.php\/wp-json\/wp\/v2\/media?parent=12"}],"curies":[{"name":"wp","href":"https:\/\/api.w.org\/{rel}","templated":true}]}}