{"id":122,"date":"2020-06-19T14:49:52","date_gmt":"2020-06-19T14:49:52","guid":{"rendered":"https:\/\/www.ledforled.dk\/?page_id=122"},"modified":"2025-03-12T18:53:00","modified_gmt":"2025-03-12T17:53:00","slug":"behandlinger","status":"publish","type":"page","link":"https:\/\/www.ledforled.dk\/index.php\/behandlinger\/","title":{"rendered":"Behandlinger"},"content":{"rendered":"\n<p>M\u00e5l ved behandling:<br>Hos LED FOR LED KIROPRAKTIK, er vores m\u00e5l at have dig i fokus hele vejen. Det handler om at skabe bedre<br>livskvalitet for den enkelte patient, hvilket opn\u00e5s ved bedre funktion og minimum af smerter i hverdagen.<br>Fra start foretages der en grundig unders\u00f8gelse, hvorefter der sammens\u00e6ttes et individuelt<br>behandlingsforl\u00f8b. I klinikken anvendes flere forskellige behandlings teknikker, alt efter de enkelte behov.<br>Som kiropraktor er jeg uddannet indenfor r\u00f8ntgen. Dvs. jeg kan foretage r\u00f8ntgen unders\u00f8gelser af egne<br>patienter, og beskrivelse heraf. I egen klinik har vi ikke r\u00f8ntgen apparat, men kan ligesom l\u00e6gerne henvise<br>direkte til hhv. R\u00f8ntgen, MR- og CT \u2013 scanning p\u00e5 sygehuse i Region Syddanmark, n\u00e5r der er indikation<br>herfor.<\/p>\n\n\n\n<p><strong>Samarbejdspartnere:<\/strong><br>Vi kommunikere og samarbejder med praktiserende l\u00e6ger, fysioterapeuter, sygehusenes billeddiagnostiske<br>afdelinger samt Rygcenter Syddanmark hhv. S\u00f8nderborg og Kolding. Dette g\u00f8res for at skabe et bedre<br>behandlingsforl\u00f8b for patienterne.<\/p>\n","protected":false},"excerpt":{"rendered":"<p>M\u00e5l ved behandling:Hos LED FOR LED KIROPRAKTIK, er vores m\u00e5l at have dig i fokus hele vejen. Det handler om at skabe bedrelivskvalitet for den enkelte patient, hvilket opn\u00e5s ved bedre funktion og minimum af smerter i hverdagen.Fra start foretages der en grundig unders\u00f8gelse, hvorefter der sammens\u00e6ttes et individueltbehandlingsforl\u00f8b. I klinikken anvendes flere forskellige behandlings [&hellip;]<\/p>\n","protected":false},"author":1,"featured_media":0,"parent":0,"menu_order":0,"comment_status":"closed","ping_status":"closed","template":"","meta":{"footnotes":""},"class_list":["post-122","page","type-page","status-publish","hentry"],"_links":{"self":[{"href":"https:\/\/www.ledforled.dk\/index.php\/wp-json\/wp\/v2\/pages\/122","targetHints":{"allow":["GET"]}}],"collection":[{"href":"https:\/\/www.ledforled.dk\/index.php\/wp-json\/wp\/v2\/pages"}],"about":[{"href":"https:\/\/www.ledforled.dk\/index.php\/wp-json\/wp\/v2\/types\/page"}],"author":[{"embeddable":true,"href":"https:\/\/www.ledforled.dk\/index.php\/wp-json\/wp\/v2\/users\/1"}],"replies":[{"embeddable":true,"href":"https:\/\/www.ledforled.dk\/index.php\/wp-json\/wp\/v2\/comments?post=122"}],"version-history":[{"count":4,"href":"https:\/\/www.ledforled.dk\/index.php\/wp-json\/wp\/v2\/pages\/122\/revisions"}],"predecessor-version":[{"id":309,"href":"https:\/\/www.ledforled.dk\/index.php\/wp-json\/wp\/v2\/pages\/122\/revisions\/309"}],"wp:attachment":[{"href":"https:\/\/www.ledforled.dk\/index.php\/wp-json\/wp\/v2\/media?parent=122"}],"curies":[{"name":"wp","href":"https:\/\/api.w.org\/{rel}","templated":true}]}}