{"id":125,"date":"2020-06-19T14:50:11","date_gmt":"2020-06-19T14:50:11","guid":{"rendered":"https:\/\/www.ledforled.dk\/?page_id=125"},"modified":"2020-08-10T20:02:48","modified_gmt":"2020-08-10T19:02:48","slug":"nakken","status":"publish","type":"page","link":"https:\/\/www.ledforled.dk\/index.php\/nakken\/","title":{"rendered":"Rygs\u00f8jlens betydning for din sundhed"},"content":{"rendered":"\n<p>Helt grundl\u00e6ggende best\u00e5r rygs\u00f8jlen af mange ryghvirvler \u201dstablet\u201d ovenp\u00e5 hinanden og der kan bev\u00e6ge<br>sig i forhold til hinanden. Mellem ryghvirvlerne ligger en bruskskive (discus), og inden i rygs\u00f8jlens kanal<br>ligger rygmarven.<br>Dette kan beskrives som det store hoved kabel der kommer fra hjernen, l\u00f8ber ned igennem rygs\u00f8jlen, og<br>spredes ud som sm\u00e5 nerver, der forgrener sig ud til alle kroppens dele. P\u00e5 denne m\u00e5de kan hjernen styre<br>alle kroppens funktioner, som fx boldtrykket, tarmsystemet samt muskler og led.<\/p>\n\n\n\n<p>P\u00e5 den m\u00e5de kan \u00e6ndringer i rygs\u00f8jlen p\u00e5virke vores nervesystemets funktion, og derigennem kroppens<br>funktion. Dette kan f\u00f8re til mange forskellige symptomer.<br>N\u00e5r nervesystemet p\u00e5virkes af l\u00e5sninger i rygs\u00f8jlen, kan dette for\u00e5rsage smerter. Smerter kan forekomme<br>lokalt hvilket betyder direkte ved rygs\u00f8jlen, men hyppigt forekomme r der \u201dudstr\u00e5lende\u201d smerte der<br>indikere irritation omkring nerverne\/brusk, og v\u00e6vet ogs\u00e5. Disse symptomer er ofte udstr\u00e5lende til arme,<br>ben eller hovedpine.<\/p>\n","protected":false},"excerpt":{"rendered":"<p>Helt grundl\u00e6ggende best\u00e5r rygs\u00f8jlen af mange ryghvirvler \u201dstablet\u201d ovenp\u00e5 hinanden og der kan bev\u00e6gesig i forhold til hinanden. Mellem ryghvirvlerne ligger en bruskskive (discus), og inden i rygs\u00f8jlens kanalligger rygmarven.Dette kan beskrives som det store hoved kabel der kommer fra hjernen, l\u00f8ber ned igennem rygs\u00f8jlen, ogspredes ud som sm\u00e5 nerver, der forgrener sig ud til [&hellip;]<\/p>\n","protected":false},"author":1,"featured_media":0,"parent":0,"menu_order":0,"comment_status":"closed","ping_status":"closed","template":"","meta":{"footnotes":""},"class_list":["post-125","page","type-page","status-publish","hentry"],"_links":{"self":[{"href":"https:\/\/www.ledforled.dk\/index.php\/wp-json\/wp\/v2\/pages\/125","targetHints":{"allow":["GET"]}}],"collection":[{"href":"https:\/\/www.ledforled.dk\/index.php\/wp-json\/wp\/v2\/pages"}],"about":[{"href":"https:\/\/www.ledforled.dk\/index.php\/wp-json\/wp\/v2\/types\/page"}],"author":[{"embeddable":true,"href":"https:\/\/www.ledforled.dk\/index.php\/wp-json\/wp\/v2\/users\/1"}],"replies":[{"embeddable":true,"href":"https:\/\/www.ledforled.dk\/index.php\/wp-json\/wp\/v2\/comments?post=125"}],"version-history":[{"count":2,"href":"https:\/\/www.ledforled.dk\/index.php\/wp-json\/wp\/v2\/pages\/125\/revisions"}],"predecessor-version":[{"id":243,"href":"https:\/\/www.ledforled.dk\/index.php\/wp-json\/wp\/v2\/pages\/125\/revisions\/243"}],"wp:attachment":[{"href":"https:\/\/www.ledforled.dk\/index.php\/wp-json\/wp\/v2\/media?parent=125"}],"curies":[{"name":"wp","href":"https:\/\/api.w.org\/{rel}","templated":true}]}}