{"id":239,"date":"2020-08-10T20:00:04","date_gmt":"2020-08-10T19:00:04","guid":{"rendered":"https:\/\/www.ledforled.dk\/?page_id=239"},"modified":"2020-08-10T20:00:04","modified_gmt":"2020-08-10T19:00:04","slug":"hvad-er-kiropraktik","status":"publish","type":"page","link":"https:\/\/www.ledforled.dk\/index.php\/hvad-er-kiropraktik\/","title":{"rendered":"Hvad er Kiropraktik"},"content":{"rendered":"\n<p>Som kiropraktor er man uddannet cand. Manu. Hvilket er en 5-\u00e5rig uddannelse fra universitetet indenfor<br>det sundhedsfaglige felt, efterfulgt af en 1 \u00e5rig supplerende uddannelse i en klinik (turnus).<br>Kiropraktik er del af sundhedsv\u00e6snet med autorisation fra styrelsen for patient sikkerhed, og der ydes<br>tilskud til medlemmer af sygeforsikring Danmark.<br>Hos Led For Led kiropraktik behandler vi mennesker i alle aldersgrupper, lige fra den \u00e6ldre patient til det<br>lille sp\u00e6dbarn. Som kiropraktor er jeg special uddannet til at finde udad af, hvad der er galt (diagnosticere),<br>samt derudfra behandler mennesker med smerter, og nedsat funktion i kroppens mange muskler og led.<br>Det karakteristiske kn\u00e6k, er det de fleste n\u00e6vner, hvis de bliver spurgt hvad en kiropraktor&nbsp;laver.<br>Behandlingsm\u00e6ssigt er det ogs\u00e5 den behandlingsteknik, der er mest brugt af kiropraktorer. Men rigtigt ofte<br>i kombination med forskellige bl\u00f8ddelsbehandling som bla. massage-, \u00f8velser og str\u00e6kteknikker samt<br>dryneedling.<br>De fleste s\u00f8ger hj\u00e6lp hos kiropraktor grundet smerter i ryg og nakke, iskias, diagnostigserede discusprolpas<br>i hhv. nakke og l\u00e6nd, spinal stenose eller hovedpine. Men hos kiropraktor kan man ogs\u00e5 f\u00e5 behandlet;<br>hofte, kn\u00e6, fod, h\u00e6nder, skulder og albue. Alle led kan behandles, og alle gener er v\u00e6rd at f\u00e5 tjekket. Der<br>er ingen grund til at leve med smerter\/gener i hverdagen hvis vi kan optimere funktion i hverdagen, og<br>mindske smerter for derigennem at opn\u00e5 bedre funktionsniveau og gl\u00e6de i livet.<br>Typiske henvendelser:<\/p>\n\n\n\n<ul class=\"wp-block-list\"><li>Hovedpine<\/li><li>Hold i nakke<\/li><li>Hold i l\u00e6nd<\/li><li>Discusprolaps \/udstr\u00e5lede smerter<\/li><li>iskias<\/li><li>Smerter i l\u00e6nd<\/li><li>Nakke smerter\/stivhed<\/li><li>Slidgigt<\/li><li>B\u00e6kken smerter<\/li><li>Kolik og urolige b\u00f8rn<\/li><li>Tennis\/gold albue<\/li><li>L\u00f8berkn\u00e6\/ springerkn\u00e6<\/li><\/ul>\n","protected":false},"excerpt":{"rendered":"<p>Som kiropraktor er man uddannet cand. Manu. Hvilket er en 5-\u00e5rig uddannelse fra universitetet indenfordet sundhedsfaglige felt, efterfulgt af en 1 \u00e5rig supplerende uddannelse i en klinik (turnus).Kiropraktik er del af sundhedsv\u00e6snet med autorisation fra styrelsen for patient sikkerhed, og der ydestilskud til medlemmer af sygeforsikring Danmark.Hos Led For Led kiropraktik behandler vi mennesker i [&hellip;]<\/p>\n","protected":false},"author":1,"featured_media":0,"parent":0,"menu_order":0,"comment_status":"closed","ping_status":"closed","template":"","meta":{"footnotes":""},"class_list":["post-239","page","type-page","status-publish","hentry"],"_links":{"self":[{"href":"https:\/\/www.ledforled.dk\/index.php\/wp-json\/wp\/v2\/pages\/239","targetHints":{"allow":["GET"]}}],"collection":[{"href":"https:\/\/www.ledforled.dk\/index.php\/wp-json\/wp\/v2\/pages"}],"about":[{"href":"https:\/\/www.ledforled.dk\/index.php\/wp-json\/wp\/v2\/types\/page"}],"author":[{"embeddable":true,"href":"https:\/\/www.ledforled.dk\/index.php\/wp-json\/wp\/v2\/users\/1"}],"replies":[{"embeddable":true,"href":"https:\/\/www.ledforled.dk\/index.php\/wp-json\/wp\/v2\/comments?post=239"}],"version-history":[{"count":1,"href":"https:\/\/www.ledforled.dk\/index.php\/wp-json\/wp\/v2\/pages\/239\/revisions"}],"predecessor-version":[{"id":240,"href":"https:\/\/www.ledforled.dk\/index.php\/wp-json\/wp\/v2\/pages\/239\/revisions\/240"}],"wp:attachment":[{"href":"https:\/\/www.ledforled.dk\/index.php\/wp-json\/wp\/v2\/media?parent=239"}],"curies":[{"name":"wp","href":"https:\/\/api.w.org\/{rel}","templated":true}]}}