{"id":355,"date":"2025-04-06T13:03:01","date_gmt":"2025-04-06T12:03:01","guid":{"rendered":"https:\/\/www.ledforled.dk\/?page_id=355"},"modified":"2025-04-06T13:03:01","modified_gmt":"2025-04-06T12:03:01","slug":"shop","status":"publish","type":"page","link":"https:\/\/www.ledforled.dk\/index.php\/shop\/","title":{"rendered":"Shop"},"content":{"rendered":"\n<p>I klinikken forhandler vi n\u00f8je udvalgte produkter der kan v\u00e6re med til at sikre af vores patienter trives best muligt og kommer bedst muligt igennem sit forl\u00f8b.<br>Vi forhandler bl.a. <\/p>\n\n\n\n<ul class=\"wp-block-list\">\n<li>kosttilskud herunder vitaminer og mineraler.<\/li>\n\n\n\n<li>Tr\u00e6ningsredskaber til f.eks. genoptr\u00e6ning.<\/li>\n\n\n\n<li>Udstyr til Hydrogenterapi fra Iwater: <a href=\"https:\/\/www.iwater.dk?ref=4023\">https:\/\/www.iwater.dk?ref=4023<\/a><\/li>\n\n\n\n<li><\/li>\n<\/ul>\n","protected":false},"excerpt":{"rendered":"<p>I klinikken forhandler vi n\u00f8je udvalgte produkter der kan v\u00e6re med til at sikre af vores patienter trives best muligt og kommer bedst muligt igennem sit forl\u00f8b.Vi forhandler bl.a.<\/p>\n","protected":false},"author":1,"featured_media":0,"parent":0,"menu_order":0,"comment_status":"closed","ping_status":"closed","template":"","meta":{"footnotes":""},"class_list":["post-355","page","type-page","status-publish","hentry"],"_links":{"self":[{"href":"https:\/\/www.ledforled.dk\/index.php\/wp-json\/wp\/v2\/pages\/355","targetHints":{"allow":["GET"]}}],"collection":[{"href":"https:\/\/www.ledforled.dk\/index.php\/wp-json\/wp\/v2\/pages"}],"about":[{"href":"https:\/\/www.ledforled.dk\/index.php\/wp-json\/wp\/v2\/types\/page"}],"author":[{"embeddable":true,"href":"https:\/\/www.ledforled.dk\/index.php\/wp-json\/wp\/v2\/users\/1"}],"replies":[{"embeddable":true,"href":"https:\/\/www.ledforled.dk\/index.php\/wp-json\/wp\/v2\/comments?post=355"}],"version-history":[{"count":1,"href":"https:\/\/www.ledforled.dk\/index.php\/wp-json\/wp\/v2\/pages\/355\/revisions"}],"predecessor-version":[{"id":357,"href":"https:\/\/www.ledforled.dk\/index.php\/wp-json\/wp\/v2\/pages\/355\/revisions\/357"}],"wp:attachment":[{"href":"https:\/\/www.ledforled.dk\/index.php\/wp-json\/wp\/v2\/media?parent=355"}],"curies":[{"name":"wp","href":"https:\/\/api.w.org\/{rel}","templated":true}]}}