{"id":37,"date":"2020-06-18T06:01:54","date_gmt":"2020-06-18T06:01:54","guid":{"rendered":"https:\/\/www.ledforled.dk\/?page_id=37"},"modified":"2025-05-02T11:33:04","modified_gmt":"2025-05-02T10:33:04","slug":"hvem-er-vi","status":"publish","type":"page","link":"https:\/\/www.ledforled.dk\/index.php\/hvem-er-vi\/","title":{"rendered":"Hvem er vi"},"content":{"rendered":"\n<p>LedforLed Kiropraktik er din lokale Kiropraktor som tager h\u00e5nd om dine problemer og f\u00e5r dig hurtigst muligt tilbage igen.<br>Vi har patienten i fokus og \u00f8nsker derfor at du kommer igennem dit behandlingsforl\u00f8b s\u00e5 godt som muligt.<\/p>\n\n\n\n<p>Vi ligger Centralt placeret ved Uln\u00e6s centeret i Gr\u00e5sten, med gode parkerings muligheder samt nem adgang for gangbesv\u00e6rede. <\/p>\n\n\n\n<h3 class=\"wp-block-heading\"><strong>Malene P. Hansen<\/strong><\/h3>\n\n\n<div class=\"wp-block-image\">\n<figure class=\"aligncenter size-large\"><img loading=\"lazy\" decoding=\"async\" width=\"618\" height=\"445\" src=\"https:\/\/www.ledforled.dk\/wp-content\/uploads\/2020\/06\/Malene.jpg\" alt=\"\" class=\"wp-image-96\" srcset=\"https:\/\/www.ledforled.dk\/wp-content\/uploads\/2020\/06\/Malene.jpg 618w, https:\/\/www.ledforled.dk\/wp-content\/uploads\/2020\/06\/Malene-300x216.jpg 300w\" sizes=\"auto, (max-width: 618px) 100vw, 618px\" \/><figcaption class=\"wp-element-caption\">Malene P. Hansen<\/figcaption><\/figure>\n<\/div>\n\n\n<ul class=\"wp-block-list\">\n<li>Uddannet cand. Manu ved Syddansk universitet 2015<\/li>\n\n\n\n<li>Turnus 2016\/2017 Hos Inge-Lise Skov Madsen, Aabenraa sundhedsklinik<\/li>\n\n\n\n<li>2017\/2020 Ansat Kiropraktor hos kiropraktorerne Kongevej, ved<\/li>\n\n\n\n<li>S\u00f8ren Jean Larsen og Lone Kousgaard<\/li>\n\n\n\n<li>2020 Selvst\u00e6ndig hos Led for led kiropraktik.<\/li>\n<\/ul>\n\n\n\n<p><\/p>\n\n\n\n<p><\/p>\n","protected":false},"excerpt":{"rendered":"<p>LedforLed Kiropraktik er din lokale Kiropraktor som tager h\u00e5nd om dine problemer og f\u00e5r dig hurtigst muligt tilbage igen.Vi har patienten i fokus og \u00f8nsker derfor at du kommer igennem dit behandlingsforl\u00f8b s\u00e5 godt som muligt. Vi ligger Centralt placeret ved Uln\u00e6s centeret i Gr\u00e5sten, med gode parkerings muligheder samt nem adgang for gangbesv\u00e6rede. Malene [&hellip;]<\/p>\n","protected":false},"author":1,"featured_media":0,"parent":0,"menu_order":0,"comment_status":"closed","ping_status":"closed","template":"","meta":{"footnotes":""},"class_list":["post-37","page","type-page","status-publish","hentry"],"_links":{"self":[{"href":"https:\/\/www.ledforled.dk\/index.php\/wp-json\/wp\/v2\/pages\/37","targetHints":{"allow":["GET"]}}],"collection":[{"href":"https:\/\/www.ledforled.dk\/index.php\/wp-json\/wp\/v2\/pages"}],"about":[{"href":"https:\/\/www.ledforled.dk\/index.php\/wp-json\/wp\/v2\/types\/page"}],"author":[{"embeddable":true,"href":"https:\/\/www.ledforled.dk\/index.php\/wp-json\/wp\/v2\/users\/1"}],"replies":[{"embeddable":true,"href":"https:\/\/www.ledforled.dk\/index.php\/wp-json\/wp\/v2\/comments?post=37"}],"version-history":[{"count":11,"href":"https:\/\/www.ledforled.dk\/index.php\/wp-json\/wp\/v2\/pages\/37\/revisions"}],"predecessor-version":[{"id":362,"href":"https:\/\/www.ledforled.dk\/index.php\/wp-json\/wp\/v2\/pages\/37\/revisions\/362"}],"wp:attachment":[{"href":"https:\/\/www.ledforled.dk\/index.php\/wp-json\/wp\/v2\/media?parent=37"}],"curies":[{"name":"wp","href":"https:\/\/api.w.org\/{rel}","templated":true}]}}