{"id":38,"date":"2020-06-18T06:01:54","date_gmt":"2020-06-18T06:01:54","guid":{"rendered":"https:\/\/www.ledforled.dk\/?page_id=38"},"modified":"2023-05-01T10:50:22","modified_gmt":"2023-05-01T09:50:22","slug":"book-tid","status":"publish","type":"page","link":"https:\/\/www.ledforled.dk\/index.php\/book-tid\/","title":{"rendered":"Book tid"},"content":{"rendered":"\n<p>Velkommen til LedforLed Kiropraktik<\/p>\n\n\n\n<p>Vi \u00c5bner d\u00f8rene d. 31. august 2020<br>Du kan allerede nu booke en tid p\u00e5:<\/p>\n\n\n\n<p>Tlf.: 22267888<\/p>\n\n\n\n<p>E-mail: <a href=\"mailto:kontakt@ledforled.dk\">Kontakt@ledforled.dk<\/a><br><br>Book tid <a href=\"https:\/\/w3.kircacs.dk\/cacs\/clientLogin?16&amp;clinicId=734\">her<\/a><\/p>\n\n\n\n<h2 class=\"wp-block-heading\">Afbud:<\/h2>\n\n\n\n<p>Afbud skal ske senest kl 9 samme dag som reserveret tid.<br>Ved udeblivelse\/ manglende afbud p\u00e5regnes et <strong>*gebyr p\u00e5 350kr.<\/strong><\/p>\n\n\n\n<p><\/p>\n\n\n\n<figure class=\"wp-block-table is-style-stripes\"><table class=\"has-background\" style=\"background-color:#e9fbe5\"><tbody><tr><td>**Ydelser<\/td><td>Pris DKK<\/td><\/tr><tr><td>F\u00f8rstegangs behandling, eller behandling &gt;3\u00e5r<\/td><td>640<\/td><\/tr><tr><td>Udvidet opf\u00f8lgende konsultation<\/td><td>465<\/td><\/tr><tr><td>Almindelig opf\u00f8lgende konsultation<\/td><td>335<\/td><\/tr><tr><td>Afgr\u00e6nset opf\u00f8lgende konsultation<\/td><td>210<\/td><\/tr><tr><td>Introduktion til superviseret tr\u00e6ning<\/td><td>415<\/td><\/tr><\/tbody><\/table><figcaption class=\"wp-element-caption\">Prisliste \/ der tages forbehold taste fejl<\/figcaption><\/figure>\n\n\n\n<p>*Udeblivelsesgebyret vil l\u00f8bende blive reguleret, vi tager forbehold for tastefejl.<br>** Ydelserne vil blive reguleret i April samt Oktober, der tages forbehold for manglende opdateringer p\u00e5 hjemmesiden. <\/p>\n","protected":false},"excerpt":{"rendered":"<p>Velkommen til LedforLed Kiropraktik Vi \u00c5bner d\u00f8rene d. 31. august 2020Du kan allerede nu booke en tid p\u00e5: Tlf.: 22267888 E-mail: Kontakt@ledforled.dk Book tid her Afbud: Afbud skal ske senest kl 9 samme dag som reserveret tid.Ved udeblivelse\/ manglende afbud p\u00e5regnes et *gebyr p\u00e5 350kr. **Ydelser Pris DKK F\u00f8rstegangs behandling, eller behandling &gt;3\u00e5r 640 Udvidet [&hellip;]<\/p>\n","protected":false},"author":1,"featured_media":0,"parent":0,"menu_order":0,"comment_status":"closed","ping_status":"closed","template":"","meta":{"footnotes":""},"class_list":["post-38","page","type-page","status-publish","hentry"],"_links":{"self":[{"href":"https:\/\/www.ledforled.dk\/index.php\/wp-json\/wp\/v2\/pages\/38","targetHints":{"allow":["GET"]}}],"collection":[{"href":"https:\/\/www.ledforled.dk\/index.php\/wp-json\/wp\/v2\/pages"}],"about":[{"href":"https:\/\/www.ledforled.dk\/index.php\/wp-json\/wp\/v2\/types\/page"}],"author":[{"embeddable":true,"href":"https:\/\/www.ledforled.dk\/index.php\/wp-json\/wp\/v2\/users\/1"}],"replies":[{"embeddable":true,"href":"https:\/\/www.ledforled.dk\/index.php\/wp-json\/wp\/v2\/comments?post=38"}],"version-history":[{"count":24,"href":"https:\/\/www.ledforled.dk\/index.php\/wp-json\/wp\/v2\/pages\/38\/revisions"}],"predecessor-version":[{"id":272,"href":"https:\/\/www.ledforled.dk\/index.php\/wp-json\/wp\/v2\/pages\/38\/revisions\/272"}],"wp:attachment":[{"href":"https:\/\/www.ledforled.dk\/index.php\/wp-json\/wp\/v2\/media?parent=38"}],"curies":[{"name":"wp","href":"https:\/\/api.w.org\/{rel}","templated":true}]}}