{"id":62,"date":"2020-06-18T17:59:20","date_gmt":"2020-06-18T17:59:20","guid":{"rendered":"https:\/\/www.ledforled.dk\/?page_id=62"},"modified":"2025-03-12T19:29:35","modified_gmt":"2025-03-12T18:29:35","slug":"vi-tilbyder","status":"publish","type":"page","link":"https:\/\/www.ledforled.dk\/index.php\/vi-tilbyder\/","title":{"rendered":"Vi tilbyder"},"content":{"rendered":"\n<p><strong>Kiropraktisk Behandlinger<\/strong><\/p>\n\n\n\n<p>Det er vigtigt, at der er fri bev\u00e6gelighed i rygs\u00f8jlens led. Stive led giver smerter ved at p\u00e5virke nervesystemet og f\u00f8rer til slidgigt.\u00a0<\/p>\n\n\n\n<p>D\u00e5rlig kropsholdning og skader giver stive led i rygs\u00f8jlen. Som kiropraktorer er vi specialister i at finde stive led og vurdere, om de p\u00e5virker nervesystemet. Den kiropraktiske behandling l\u00f8sner leddet og g\u00f8r det bev\u00e6geligt igen, det er det der siger \u201dkn\u00e6k\u201d.<\/p>\n\n\n\n<p>Ved at r\u00e5dgive om korrekt krops holdning og belastning vil vi forebygge nye skader.<\/p>\n\n\n\n<p>N\u00e5r rygs\u00f8jlen er velfungerende, vil vi gennem regelm\u00e6ssige forebyggende behandlinger s\u00f8rge for, at holde rygs\u00f8jlen bev\u00e6gelig og dermed forebygge smerter og slidgigt.<\/p>\n\n\n\n<p><\/p>\n\n\n\n<figure class=\"wp-block-gallery has-nested-images columns-default is-cropped wp-block-gallery-1 is-layout-flex wp-block-gallery-is-layout-flex\">\n<figure class=\"wp-block-image size-large\"><img loading=\"lazy\" decoding=\"async\" width=\"640\" height=\"480\" data-id=\"318\" src=\"https:\/\/www.ledforled.dk\/wp-content\/uploads\/2025\/03\/IMG_4662.jpg\" alt=\"\" class=\"wp-image-318\" srcset=\"https:\/\/www.ledforled.dk\/wp-content\/uploads\/2025\/03\/IMG_4662.jpg 640w, https:\/\/www.ledforled.dk\/wp-content\/uploads\/2025\/03\/IMG_4662-300x225.jpg 300w\" sizes=\"auto, (max-width: 640px) 100vw, 640px\" \/><\/figure>\n\n\n\n<figure class=\"wp-block-image size-large\"><img loading=\"lazy\" decoding=\"async\" width=\"480\" height=\"640\" data-id=\"315\" src=\"https:\/\/www.ledforled.dk\/wp-content\/uploads\/2025\/03\/IMG_4638-rotated.jpg\" alt=\"\" class=\"wp-image-315\" srcset=\"https:\/\/www.ledforled.dk\/wp-content\/uploads\/2025\/03\/IMG_4638-rotated.jpg 480w, https:\/\/www.ledforled.dk\/wp-content\/uploads\/2025\/03\/IMG_4638-225x300.jpg 225w\" sizes=\"auto, (max-width: 480px) 100vw, 480px\" \/><\/figure>\n\n\n\n<figure class=\"wp-block-image size-large\"><img loading=\"lazy\" decoding=\"async\" width=\"480\" height=\"640\" data-id=\"313\" src=\"https:\/\/www.ledforled.dk\/wp-content\/uploads\/2025\/03\/IMG_4177-rotated.jpg\" alt=\"\" class=\"wp-image-313\" srcset=\"https:\/\/www.ledforled.dk\/wp-content\/uploads\/2025\/03\/IMG_4177-rotated.jpg 480w, https:\/\/www.ledforled.dk\/wp-content\/uploads\/2025\/03\/IMG_4177-225x300.jpg 225w\" sizes=\"auto, (max-width: 480px) 100vw, 480px\" \/><\/figure>\n\n\n\n<figure class=\"wp-block-image size-large\"><img loading=\"lazy\" decoding=\"async\" width=\"640\" height=\"480\" data-id=\"316\" src=\"https:\/\/www.ledforled.dk\/wp-content\/uploads\/2025\/03\/IMG_4746-1.jpg\" alt=\"\" class=\"wp-image-316\" srcset=\"https:\/\/www.ledforled.dk\/wp-content\/uploads\/2025\/03\/IMG_4746-1.jpg 640w, https:\/\/www.ledforled.dk\/wp-content\/uploads\/2025\/03\/IMG_4746-1-300x225.jpg 300w\" sizes=\"auto, (max-width: 640px) 100vw, 640px\" \/><\/figure>\n\n\n\n<figure class=\"wp-block-image size-large\"><img loading=\"lazy\" decoding=\"async\" width=\"480\" height=\"640\" data-id=\"319\" src=\"https:\/\/www.ledforled.dk\/wp-content\/uploads\/2025\/03\/IMG_5102-rotated.jpg\" alt=\"\" class=\"wp-image-319\" srcset=\"https:\/\/www.ledforled.dk\/wp-content\/uploads\/2025\/03\/IMG_5102-rotated.jpg 480w, https:\/\/www.ledforled.dk\/wp-content\/uploads\/2025\/03\/IMG_5102-225x300.jpg 225w\" sizes=\"auto, (max-width: 480px) 100vw, 480px\" \/><\/figure>\n\n\n\n<figure class=\"wp-block-image size-large\"><img loading=\"lazy\" decoding=\"async\" width=\"480\" height=\"640\" data-id=\"322\" src=\"https:\/\/www.ledforled.dk\/wp-content\/uploads\/2025\/03\/IMG_5209-2-rotated.jpg\" alt=\"\" class=\"wp-image-322\" srcset=\"https:\/\/www.ledforled.dk\/wp-content\/uploads\/2025\/03\/IMG_5209-2-rotated.jpg 480w, https:\/\/www.ledforled.dk\/wp-content\/uploads\/2025\/03\/IMG_5209-2-225x300.jpg 225w\" sizes=\"auto, (max-width: 480px) 100vw, 480px\" \/><\/figure>\n<\/figure>\n\n\n\n<p>\u200b<\/p>\n\n\n\n<h2 class=\"wp-block-heading\">Hold tr\u00e6ning<\/h2>\n\n\n\n<p>Foruden behandlingerne tilbyder vi ogs\u00e5 holdtr\u00e6ning. Her har vi fokus p\u00e5 bev\u00e6gelighed i muskler og led, styrker og vedligeholder de centrale muskelgrupper i hele kroppen, hvor der til hver tr\u00e6ning vil v\u00e6re fokus p\u00e5 en central muskelgruppe, latter musklerne tr\u00e6nes ofte ogs\u00e5.<\/p>\n\n\n\n<p>Niveauet er s\u00e5 alle kan v\u00e6re med uanset alder og der tages hensyn til alles behov.<\/p>\n\n\n\n<p><\/p>\n\n\n\n<p>Tr\u00e6ningsmaterialer s\u00e5som mindre v\u00e6gte, bolde og tr\u00e6ningsm\u00e5tter stilles til r\u00e5dig, men der kan ogs\u00e5 medbringes egne redskaber.<\/p>\n\n\n\n<p><\/p>\n\n\n\n<p><span style=\"text-decoration: underline;\">Ved sp\u00f8rgsm\u00e5l s\u00e5 kom endelig forbi klinikken eller ring til os vi st\u00e5r altid klar.<\/span> <\/p>\n\n\n\n<p>\u200b<\/p>\n\n\n\n<h2 class=\"wp-block-heading\">Hydrogenterapi<\/h2>\n\n\n<div class=\"wp-block-image\">\n<figure class=\"alignright size-full\"><img loading=\"lazy\" decoding=\"async\" width=\"480\" height=\"640\" src=\"https:\/\/www.ledforled.dk\/wp-content\/uploads\/2025\/03\/IMG_9602-rotated.jpg\" alt=\"\" class=\"wp-image-328\" srcset=\"https:\/\/www.ledforled.dk\/wp-content\/uploads\/2025\/03\/IMG_9602-rotated.jpg 480w, https:\/\/www.ledforled.dk\/wp-content\/uploads\/2025\/03\/IMG_9602-225x300.jpg 225w\" sizes=\"auto, (max-width: 480px) 100vw, 480px\" \/><\/figure>\n<\/div>\n\n\n<p><strong>Fordele; Hydrogeninhalation;<\/strong><br>H\u00f8jere koncentration; ved inhalation kan kroppen optage betydelig st\u00f8rre m\u00e6ngder hydrogen p\u00e5 kort tid.<br>Hurtig absorption, her optages hydrogen direkte gennem slimhinderne og i lungerne og<br>transporteres over i blodbanen, hvilket giver hurtigere resultater, og bedre spredningsgrad.<br>Neurobeskyttelse; Studier viser at inhalation levere hydrogen direkte til lunger og hjerne, hvor<br>det kan have m\u00e5lrette effekt da disse sm\u00e5 hydrogen er noget af det eneste der kan komme over<br>hjernehinden.<\/p>\n\n\n\n<p><\/p>\n","protected":false},"excerpt":{"rendered":"<p>Kiropraktisk Behandlinger Det er vigtigt, at der er fri bev\u00e6gelighed i rygs\u00f8jlens led. Stive led giver smerter ved at p\u00e5virke nervesystemet og f\u00f8rer til slidgigt.\u00a0 D\u00e5rlig kropsholdning og skader giver stive led i rygs\u00f8jlen. Som kiropraktorer er vi specialister i at finde stive led og vurdere, om de p\u00e5virker nervesystemet. Den kiropraktiske behandling l\u00f8sner leddet [&hellip;]<\/p>\n","protected":false},"author":1,"featured_media":0,"parent":0,"menu_order":0,"comment_status":"closed","ping_status":"closed","template":"","meta":{"footnotes":""},"class_list":["post-62","page","type-page","status-publish","hentry"],"_links":{"self":[{"href":"https:\/\/www.ledforled.dk\/index.php\/wp-json\/wp\/v2\/pages\/62","targetHints":{"allow":["GET"]}}],"collection":[{"href":"https:\/\/www.ledforled.dk\/index.php\/wp-json\/wp\/v2\/pages"}],"about":[{"href":"https:\/\/www.ledforled.dk\/index.php\/wp-json\/wp\/v2\/types\/page"}],"author":[{"embeddable":true,"href":"https:\/\/www.ledforled.dk\/index.php\/wp-json\/wp\/v2\/users\/1"}],"replies":[{"embeddable":true,"href":"https:\/\/www.ledforled.dk\/index.php\/wp-json\/wp\/v2\/comments?post=62"}],"version-history":[{"count":11,"href":"https:\/\/www.ledforled.dk\/index.php\/wp-json\/wp\/v2\/pages\/62\/revisions"}],"predecessor-version":[{"id":338,"href":"https:\/\/www.ledforled.dk\/index.php\/wp-json\/wp\/v2\/pages\/62\/revisions\/338"}],"wp:attachment":[{"href":"https:\/\/www.ledforled.dk\/index.php\/wp-json\/wp\/v2\/media?parent=62"}],"curies":[{"name":"wp","href":"https:\/\/api.w.org\/{rel}","templated":true}]}}